{"id":334,"date":"2010-07-04T12:20:50","date_gmt":"2010-07-04T15:20:50","guid":{"rendered":"http:\/\/www.rhevistarh.com.br\/portal\/?page_id=334"},"modified":"2024-01-21T20:37:39","modified_gmt":"2024-01-21T23:37:39","slug":"rhevista-rh","status":"publish","type":"page","link":"https:\/\/www.rhevistarh.com.br\/portal\/sobre-2\/rhevista-rh\/","title":{"rendered":"Revista RH"},"content":{"rendered":"<p style=\"text-align: justify;\"><a href=\"http:\/\/www.rhevistarh.com.br\/portal\/wp-content\/uploads\/2010\/07\/news_rhevistarh.jpg\"><img loading=\"lazy\" decoding=\"async\" class=\"alignright wp-image-361\" title=\"News RHevista RH\" src=\"http:\/\/www.rhevistarh.com.br\/portal\/wp-content\/uploads\/2010\/07\/news_rhevistarh.jpg\" alt=\"\" width=\"200\" height=\"104\" srcset=\"https:\/\/www.rhevistarh.com.br\/portal\/wp-content\/uploads\/2010\/07\/news_rhevistarh.jpg 400w, https:\/\/www.rhevistarh.com.br\/portal\/wp-content\/uploads\/2010\/07\/news_rhevistarh-300x155.jpg 300w\" sizes=\"auto, (max-width: 200px) 100vw, 200px\" \/><\/a>O informativo\u00a0Revista RH, ou melhor, <strong>RHevista RH, RH em Dobro<\/strong>, \u00e9 um portal de conte\u00fado din\u00e2mico que leva ao leitor as novidades da \u00e1rea de Recursos Humanos! Nele, o leitor encontra artigos de profissionais renomados, dicas de cursos, palestras e outras formas de aprimoramento pessoal e profissional.<\/p>\n<p style=\"text-align: justify;\">Um dos destaques do portal \u00e9 a possibilidade do leitor interagir com os autores atrav\u00e9s de coment\u00e1rios realizados ao final de cada artigo.<\/p>\n<p style=\"text-align: justify;\">\n<p style=\"text-align: justify;\"><strong>MISS\u00c3O E CONTE\u00daDO<\/strong><\/p>\n<p style=\"text-align: justify;\">A miss\u00e3o da RHevista RH\u00e9 estimular a produ\u00e7\u00e3o e a difus\u00e3o do conhecimento em gest\u00e3o de\u00a0gest\u00e3o de pessoas\u00a0e assuntos correlatos, entre eles planejamento de carreira, motiva\u00e7\u00e3o, lideran\u00e7a, etc.<\/p>\n<p style=\"text-align: justify;\">Seu p\u00fablico alvo inclui: profissionais e estudantes de Recursos Humanos, estudantes de ensino superior e de n\u00edvel secund\u00e1rio, bem como toda a comunidade de administra\u00e7\u00e3o de neg\u00f3cios e economia.<\/p>\n<p style=\"text-align: justify;\">O conte\u00fado do site consiste essencialmente em artigos, entrevistas e cases, com assuntos que levam ao desenvolvimento profissional e pessoal, atrav\u00e9s da difus\u00e3o de conhecimentos.<\/p>\n<p style=\"text-align: justify;\"><strong>ORIENTA\u00c7\u00c3O<\/strong><\/p>\n<p style=\"text-align: justify;\">A RHevista RH se orienta por tr\u00eas princ\u00edpios fundamentais:<\/p>\n<ul>\n<li>\n<div style=\"text-align: justify;\">Busca constante de novos conhecimentos e inova\u00e7\u00e3o de conceitos;<\/div>\n<\/li>\n<li>\n<div style=\"text-align: justify;\">Concis\u00e3o e clareza dos assuntos tratados;<\/div>\n<\/li>\n<li>\n<div style=\"text-align: justify;\">Padr\u00e3o internacional.<\/div>\n<\/li>\n<\/ul>\n","protected":false},"excerpt":{"rendered":"<p>O informativo\u00a0Revista RH, ou melhor, RHevista RH, RH em Dobro, \u00e9 um portal de conte\u00fado din\u00e2mico que leva ao leitor as novidades da \u00e1rea de Recursos Humanos! Nele, o leitor encontra artigos de profissionais renomados, dicas de cursos, palestras e outras formas de aprimoramento pessoal e profissional. Um dos destaques do portal \u00e9 a possibilidade&hellip;<\/p>\n","protected":false},"author":8,"featured_media":0,"parent":5,"menu_order":2,"comment_status":"open","ping_status":"closed","template":"","meta":{"footnotes":""},"class_list":["post-334","page","type-page","status-publish","hentry","no-post-thumbnail","entry"],"aioseo_notices":[],"_links":{"self":[{"href":"https:\/\/www.rhevistarh.com.br\/portal\/wp-json\/wp\/v2\/pages\/334","targetHints":{"allow":["GET"]}}],"collection":[{"href":"https:\/\/www.rhevistarh.com.br\/portal\/wp-json\/wp\/v2\/pages"}],"about":[{"href":"https:\/\/www.rhevistarh.com.br\/portal\/wp-json\/wp\/v2\/types\/page"}],"author":[{"embeddable":true,"href":"https:\/\/www.rhevistarh.com.br\/portal\/wp-json\/wp\/v2\/users\/8"}],"replies":[{"embeddable":true,"href":"https:\/\/www.rhevistarh.com.br\/portal\/wp-json\/wp\/v2\/comments?post=334"}],"version-history":[{"count":0,"href":"https:\/\/www.rhevistarh.com.br\/portal\/wp-json\/wp\/v2\/pages\/334\/revisions"}],"up":[{"embeddable":true,"href":"https:\/\/www.rhevistarh.com.br\/portal\/wp-json\/wp\/v2\/pages\/5"}],"wp:attachment":[{"href":"https:\/\/www.rhevistarh.com.br\/portal\/wp-json\/wp\/v2\/media?parent=334"}],"curies":[{"name":"wp","href":"https:\/\/api.w.org\/{rel}","templated":true}]}}