{"id":5,"date":"2008-12-27T13:35:01","date_gmt":"2008-12-27T15:35:01","guid":{"rendered":"http:\/\/www.esculhambanet.com\/revista\/?page_id=2"},"modified":"2024-01-21T20:37:31","modified_gmt":"2024-01-21T23:37:31","slug":"sobre-2","status":"publish","type":"page","link":"https:\/\/www.rhevistarh.com.br\/portal\/sobre-2\/","title":{"rendered":"Sobre o Portal"},"content":{"rendered":"<p style=\"text-align: justify;\"><img loading=\"lazy\" decoding=\"async\" class=\"wp-image-72941 alignright\" src=\"https:\/\/www.rhevistarh.com.br\/portal\/wp-content\/uploads\/2022\/03\/newrhevistarh2.png\" alt=\"\" width=\"200\" height=\"200\" srcset=\"https:\/\/www.rhevistarh.com.br\/portal\/wp-content\/uploads\/2022\/03\/newrhevistarh2.png 300w, https:\/\/www.rhevistarh.com.br\/portal\/wp-content\/uploads\/2022\/03\/newrhevistarh2-150x150.png 150w, https:\/\/www.rhevistarh.com.br\/portal\/wp-content\/uploads\/2022\/03\/newrhevistarh2-100x100.png 100w, https:\/\/www.rhevistarh.com.br\/portal\/wp-content\/uploads\/2022\/03\/newrhevistarh2-60x60.png 60w\" sizes=\"auto, (max-width: 200px) 100vw, 200px\" \/>O informativo Revista RH, ou melhor, <strong>RHevista RH, portal de gente e gest\u00e3o<\/strong>, \u00e9 um portal de conte\u00fado din\u00e2mico que leva ao leitor as novidades da \u00e1rea de Recursos Humanos! Nele, o leitor encontra artigos de profissionais renomados, dicas de cursos, palestras e outras formas de aprimoramento pessoal e profissional.<\/p>\n<p style=\"text-align: justify;\">Um dos destaques do portal \u00e9 a possibilidade do leitor interagir com os autores atrav\u00e9s de coment\u00e1rios realizados ao final de cada artigo.<\/p>\n<p style=\"text-align: justify;\"><strong>MISS\u00c3O E CONTE\u00daDO<\/strong><\/p>\n<p style=\"text-align: justify;\">A miss\u00e3o da RHevista RH \u00e9 estimular a produ\u00e7\u00e3o e a difus\u00e3o do conhecimento em gest\u00e3o de pessoas e assuntos correlatos, entre eles planejamento de carreira, motiva\u00e7\u00e3o, lideran\u00e7a, etc.<\/p>\n<p style=\"text-align: justify;\">Seu p\u00fablico alvo inclui: profissionais e estudantes de Recursos Humanos, estudantes de ensino superior e de n\u00edvel secund\u00e1rio, bem como toda a comunidade de administra\u00e7\u00e3o de neg\u00f3cios e economia.<\/p>\n<p style=\"text-align: justify;\">O conte\u00fado do site consiste essencialmente em artigos, entrevistas e cases, com assuntos que levam ao desenvolvimento profissional e pessoal, atrav\u00e9s da difus\u00e3o de conhecimentos.<\/p>\n<p style=\"text-align: justify;\"><strong>ORIENTA\u00c7\u00c3O<\/strong><\/p>\n<p style=\"text-align: justify;\">A RHevista RH se orienta por tr\u00eas princ\u00edpios fundamentais:<\/p>\n<ul>\n<li>\n<div style=\"text-align: justify;\">Busca constante de novos conhecimentos e inova\u00e7\u00e3o de conceitos;<\/div>\n<\/li>\n<li>\n<div style=\"text-align: justify;\">Concis\u00e3o e clareza dos assuntos tratados;<\/div>\n<\/li>\n<li>\n<div style=\"text-align: justify;\">Padr\u00e3o internacional.<\/div>\n<\/li>\n<\/ul>\n<p><strong>JORNALISTA RESPONS\u00c1VEL<\/strong><\/p>\n<p>Odair Rocha Fantoni<br \/>\nMTB 0090824\/SP<\/p>\n","protected":false},"excerpt":{"rendered":"<p>O informativo Revista RH, ou melhor, RHevista RH, portal de gente e gest\u00e3o, \u00e9 um portal de conte\u00fado din\u00e2mico que leva ao leitor as novidades da \u00e1rea de Recursos Humanos! Nele, o leitor encontra artigos de profissionais renomados, dicas de cursos, palestras e outras formas de aprimoramento pessoal e profissional. Um dos destaques do portal&hellip;<\/p>\n","protected":false},"author":8,"featured_media":72941,"parent":0,"menu_order":0,"comment_status":"open","ping_status":"closed","template":"","meta":{"footnotes":""},"class_list":["post-5","page","type-page","status-publish","has-post-thumbnail","hentry","entry"],"aioseo_notices":[],"_links":{"self":[{"href":"https:\/\/www.rhevistarh.com.br\/portal\/wp-json\/wp\/v2\/pages\/5","targetHints":{"allow":["GET"]}}],"collection":[{"href":"https:\/\/www.rhevistarh.com.br\/portal\/wp-json\/wp\/v2\/pages"}],"about":[{"href":"https:\/\/www.rhevistarh.com.br\/portal\/wp-json\/wp\/v2\/types\/page"}],"author":[{"embeddable":true,"href":"https:\/\/www.rhevistarh.com.br\/portal\/wp-json\/wp\/v2\/users\/8"}],"replies":[{"embeddable":true,"href":"https:\/\/www.rhevistarh.com.br\/portal\/wp-json\/wp\/v2\/comments?post=5"}],"version-history":[{"count":0,"href":"https:\/\/www.rhevistarh.com.br\/portal\/wp-json\/wp\/v2\/pages\/5\/revisions"}],"wp:featuredmedia":[{"embeddable":true,"href":"https:\/\/www.rhevistarh.com.br\/portal\/wp-json\/wp\/v2\/media\/72941"}],"wp:attachment":[{"href":"https:\/\/www.rhevistarh.com.br\/portal\/wp-json\/wp\/v2\/media?parent=5"}],"curies":[{"name":"wp","href":"https:\/\/api.w.org\/{rel}","templated":true}]}}