{"id":6967,"date":"2012-04-20T13:40:39","date_gmt":"2012-04-20T16:40:39","guid":{"rendered":"http:\/\/www.rhevistarh.com.br\/portal\/?page_id=6967"},"modified":"2025-10-13T12:31:59","modified_gmt":"2025-10-13T15:31:59","slug":"anunciar","status":"publish","type":"page","link":"https:\/\/www.rhevistarh.com.br\/portal\/anunciar\/","title":{"rendered":"M\u00eddia KIT Portal Revista RH"},"content":{"rendered":"<p style=\"text-align: center;\"><strong style=\"font-weight: bold !important;\">Por que anunciar no Portal Revista RH?<\/strong><\/p>\n<p><strong>QUEM SOMOS<\/strong><\/p>\n<p><strong>Sobre a ABF<\/strong><\/p>\n<p style=\"text-align: justify;\">A ABF Gente &amp; Gest\u00e3o Ltda \u00e9 a respons\u00e1vel pela produ\u00e7\u00e3o do Portal Revista RH, um dos mais completos informativos virtuais da \u00e1rea de Recursos Humanos.<\/p>\n<p><b>Sobre o Portal Revista RH<\/b><\/p>\n<p style=\"text-align: justify;\">O portal Revista RH acompanha as novidades e tend\u00eancias do setor explorando diversos assuntos de interesse da comunidade de RH, tais como: desenvolvimento de pessoas, carreira, motiva\u00e7\u00e3o, lideran\u00e7a, sa\u00fade e seguran\u00e7a no trabalho, entre outros. Sem d\u00favidas, trata-se de um dos principais meios de comunica\u00e7\u00e3o virtual dispon\u00edvel e acessado pelos profissionais de RH e de SST.<\/p>\n<p><strong>CREDIBILIDADE<\/strong><\/p>\n<p><b>Nossos Colaboradores e Assinantes<\/b><\/p>\n<p style=\"text-align: justify;\">O portal Revista RH vem num crescente desde 2006\u00a0 e, a partir de setembro\/2010, quando passou por um processo de reestrutura\u00e7\u00e3o, ganhou relev\u00e2ncia entre os profissionais de RH. Consequentemente, vem sendo procurado pelos mais diversos e importantes palestrantes e consultores que contribuem com artigos de alt\u00edssima qualidade e teor. \u00a0Por sua vez, nossos assinantes representam empresas dos mais diversos portes, nacionalidades e segmentos, tais como: Grendene, Parker, Alcoa, Grupo P\u00e3o de A\u00e7\u00facar, Vicunha, Giraffas, Ford, Marilan, Honda, Objetivo, Brit\u00e2nia, Eaton, Alston, Graber, UFRJ, Fiat, Usiminas, Renner, Danfoss, Yamaha, Payot, Alfaterm, Ita\u00fa-Unibanco, Duratex, Unimed, CCE, FIA, Creci, Cambuhy, GRSA, Schincariol, Hypermarcas, Carrefour, Grupo Estado, Renault, entre muitos outros! Portanto, s\u00e3o estes profissionais a base de credibilidade do portal RHevista RH.<\/p>\n<p>&nbsp;<\/p>\n<p><strong>AUDI\u00caNCIA\u00a0<\/strong><\/p>\n<p><b>Nossos <\/b><b>N\u00fameros<\/b><\/p>\n<p>Segundo o Webalizer V. 2.23 a <strong>audi\u00eancia <\/strong>do portal Revista RH, em m\u00e9dia, nos \u00faltimos 12 meses foi mais de 1<strong>00 mil visitantes<\/strong> e 1<strong> milh\u00e3o de page views mensais.<\/strong><\/p>\n<p><a href=\"https:\/\/www.rhevistarh.com.br\/portal\/wp-content\/uploads\/2025\/10\/midia_rhevistarh_10_2025.png\"><img loading=\"lazy\" decoding=\"async\" class=\"alignnone size-full wp-image-79646\" src=\"https:\/\/www.rhevistarh.com.br\/portal\/wp-content\/uploads\/2025\/10\/midia_rhevistarh_10_2025.png\" alt=\"\" width=\"1042\" height=\"972\" srcset=\"https:\/\/www.rhevistarh.com.br\/portal\/wp-content\/uploads\/2025\/10\/midia_rhevistarh_10_2025.png 1042w, https:\/\/www.rhevistarh.com.br\/portal\/wp-content\/uploads\/2025\/10\/midia_rhevistarh_10_2025-300x280.png 300w, https:\/\/www.rhevistarh.com.br\/portal\/wp-content\/uploads\/2025\/10\/midia_rhevistarh_10_2025-1024x955.png 1024w, https:\/\/www.rhevistarh.com.br\/portal\/wp-content\/uploads\/2025\/10\/midia_rhevistarh_10_2025-768x716.png 768w\" sizes=\"auto, (max-width: 1042px) 100vw, 1042px\" \/><\/a><\/p>\n<p style=\"text-align: center;\"><strong>CONTRATA\u00c7\u00c3O<\/strong><\/p>\n<p style=\"text-align: center;\"><strong>Tipos de Banneres<\/strong><\/p>\n<p><strong>BANNER TOPO DO PORTAL<br \/>\n<\/strong>Imagem em jpg, png ou gif (inclusive animado com at\u00e9 10 faces) na propor\u00e7\u00e3o 720 largura x 90 altura, em pixel.<\/p>\n<p><strong>Investimento:<br \/>\n<\/strong>Visibilidade 1\/1: R$ 12.000,00\/m\u00eas<\/p>\n<p><strong>Obs: Visibilidade em todas as p\u00e1ginas e posts visitados no portal em todos os tipos de equipamentos (PC, Notebook, Tablet, Celular)<\/strong><\/p>\n<p><a href=\"https:\/\/www.rhevistarh.com.br\/portal\/wp-content\/uploads\/2024\/08\/topo_ok.png\"><img loading=\"lazy\" decoding=\"async\" class=\"wp-image-78432 aligncenter\" src=\"https:\/\/www.rhevistarh.com.br\/portal\/wp-content\/uploads\/2024\/08\/topo_ok.png\" alt=\"\" width=\"720\" height=\"119\" srcset=\"https:\/\/www.rhevistarh.com.br\/portal\/wp-content\/uploads\/2024\/08\/topo_ok.png 1332w, https:\/\/www.rhevistarh.com.br\/portal\/wp-content\/uploads\/2024\/08\/topo_ok-300x50.png 300w, https:\/\/www.rhevistarh.com.br\/portal\/wp-content\/uploads\/2024\/08\/topo_ok-1024x169.png 1024w, https:\/\/www.rhevistarh.com.br\/portal\/wp-content\/uploads\/2024\/08\/topo_ok-768x127.png 768w\" sizes=\"auto, (max-width: 720px) 100vw, 720px\" \/><\/a><\/p>\n<hr \/>\n<p><strong>BANNER TOPO DE POST<br \/>\n<\/strong>Imagem em jpg, png ou gif (inclusive animado com at\u00e9 10 faces) na propor\u00e7\u00e3o 720 largura x 90 altura, em pixel.<\/p>\n<p><strong>Investimento:<br \/>\n<\/strong>Visibilidade 1\/1: R$ 6.000,00\/m\u00eas<\/p>\n<p><strong>Obs: Visibilidade em todas os novos posts publicados a partir da contrata\u00e7\u00e3o, visitados no portal em todos os tipos de equipamentos (PC, Notebook, Tablet, Celular)<\/strong><\/p>\n<p><a href=\"https:\/\/www.rhevistarh.com.br\/portal\/wp-content\/uploads\/2024\/08\/topo_post.png\"><img loading=\"lazy\" decoding=\"async\" class=\"wp-image-78433 aligncenter\" src=\"https:\/\/www.rhevistarh.com.br\/portal\/wp-content\/uploads\/2024\/08\/topo_post.png\" alt=\"\" width=\"720\" height=\"225\" srcset=\"https:\/\/www.rhevistarh.com.br\/portal\/wp-content\/uploads\/2024\/08\/topo_post.png 1324w, https:\/\/www.rhevistarh.com.br\/portal\/wp-content\/uploads\/2024\/08\/topo_post-300x94.png 300w, https:\/\/www.rhevistarh.com.br\/portal\/wp-content\/uploads\/2024\/08\/topo_post-1024x320.png 1024w, https:\/\/www.rhevistarh.com.br\/portal\/wp-content\/uploads\/2024\/08\/topo_post-768x240.png 768w\" sizes=\"auto, (max-width: 720px) 100vw, 720px\" \/><\/a><\/p>\n<hr \/>\n<p><strong>BANNER LATERAL\u00a0<\/strong><strong><br \/>\n<\/strong>Imagem em jpg, png ou gif (inclusive animado com at\u00e9 10 faces) na propor\u00e7\u00e3o 330 largura x 305 altura, em\u00a0 pixel.<\/p>\n<p><strong>Investimento:<\/strong><\/p>\n<p>Visibilidade\u00a0 Visibilidade 1\/\/3: R$ 3.600,00\/M\u00eas\u00a0 |\u00a0 Visibilidade 1\/5: \u00a0R$ 2.400,00\/M\u00eas |\u00a0 Visibilidade 1\/10: \u00a0R$ 1.200,00\/M\u00eas.<\/p>\n<p>* Quanto a visibilidade, por exemplo, 1\/5 significa que o banner, em m\u00e9dia, ter\u00e1 1 apari\u00e7\u00e3o a cada 5 visualiza\u00e7\u00f5es de posts.<\/p>\n<p><strong>Obs: Visibilidade apenas em PCs e Notebooks, n\u00e3o sendo visualizado em Tablets ou Celulares!<\/strong><\/p>\n<p><a href=\"https:\/\/www.rhevistarh.com.br\/portal\/wp-content\/uploads\/2024\/08\/lateral_portal.png\"><img loading=\"lazy\" decoding=\"async\" class=\"wp-image-78434 aligncenter\" src=\"https:\/\/www.rhevistarh.com.br\/portal\/wp-content\/uploads\/2024\/08\/lateral_portal.png\" alt=\"\" width=\"720\" height=\"225\" srcset=\"https:\/\/www.rhevistarh.com.br\/portal\/wp-content\/uploads\/2024\/08\/lateral_portal.png 1324w, https:\/\/www.rhevistarh.com.br\/portal\/wp-content\/uploads\/2024\/08\/lateral_portal-300x94.png 300w, https:\/\/www.rhevistarh.com.br\/portal\/wp-content\/uploads\/2024\/08\/lateral_portal-1024x320.png 1024w, https:\/\/www.rhevistarh.com.br\/portal\/wp-content\/uploads\/2024\/08\/lateral_portal-768x240.png 768w\" sizes=\"auto, (max-width: 720px) 100vw, 720px\" \/><\/a><\/p>\n<hr \/>\n<p><strong>Notas: <\/strong><\/p>\n<ul>\n<li><strong>Contrata\u00e7\u00e3o m\u00ednima de tr\u00eas meses!<\/strong><\/li>\n<li><strong>Em todos os valores, inclusos os impostos e 20% referente B\u00f4nus de Veicula\u00e7\u00e3o de Ag\u00eancia.<\/strong><\/li>\n<\/ul>\n<hr \/>\n<p style=\"text-align: left;\"><strong>TERMOS E CONDI\u00c7\u00d5ES DE VEICULA\u00c7\u00c3O DE AN\u00daNCIOS:<\/strong><\/p>\n<p style=\"text-align: left;\">Reservamo-nos o direito de recusar ou suspender a veicula\u00e7\u00e3o de an\u00fancios que julgarmos:<\/p>\n<ul style=\"text-align: left;\">\n<li>Desrespeitar valores \u00e9ticos e morais;<\/li>\n<li>Desrespeitar a concorr\u00eancia leal;<\/li>\n<li>N\u00e3o estiver, segundo nossa \u00f3tica, em conformidade com o padr\u00e3o de qualidade de imagem;<\/li>\n<li>Que seja ofensivo ou contenha conte\u00fado discriminat\u00f3rio de qualquer natureza; e,<\/li>\n<li>Que desrespeite a dignidade da pessoa humana.<\/li>\n<\/ul>\n<p style=\"text-align: left;\">\u00c9 de total responsabilidade do anunciante a produ\u00e7\u00e3o e qualidade gr\u00e1fica dos banneres, bem como do conte\u00fado dos an\u00fancios publicados.<\/p>\n<p style=\"text-align: left;\">Al\u00e9m do banner, dever\u00e1 acompanhar a solicita\u00e7\u00e3o de an\u00fancio:<\/p>\n<ul style=\"text-align: left;\">\n<li>Termo de responsabilidade pelo conte\u00fado;<\/li>\n<li>Autoriza\u00e7\u00e3o de veicula\u00e7\u00e3o de conte\u00fado;<\/li>\n<li>Dados cadastrais do anunciante.<\/li>\n<\/ul>\n<p style=\"text-align: left;\">Prazo para pagamento:<\/p>\n<p style=\"text-align: left;\">Primeira parcela \u00e0 vista e demais a cada 30 dias subsequentes.<\/p>\n<p style=\"text-align: left;\">Contato:<\/p>\n<p style=\"text-align: left;\"><i class=\"fa fa-envelope-o\"><\/i>\u00a0<a href=\"maito:abf@rhevistarh.com.br\">abf@rhevistarh.com.br<\/a><br \/>\n<i class=\"fa fa-phone\"><\/i>\u00a0<a href=\"tel:+55 11945077952\">[11] 94507-7952<\/a><\/p>\n<hr \/>\n<p>&nbsp;<\/p>\n","protected":false},"excerpt":{"rendered":"<p>Por que anunciar no Portal Revista RH? QUEM SOMOS Sobre a ABF A ABF Gente &amp; Gest\u00e3o Ltda \u00e9 a respons\u00e1vel pela produ\u00e7\u00e3o do Portal Revista RH, um dos mais completos informativos virtuais da \u00e1rea de Recursos Humanos. Sobre o Portal Revista RH O portal Revista RH acompanha as novidades e tend\u00eancias do setor explorando&hellip;<\/p>\n","protected":false},"author":8,"featured_media":0,"parent":0,"menu_order":0,"comment_status":"closed","ping_status":"closed","template":"","meta":{"footnotes":""},"class_list":["post-6967","page","type-page","status-publish","hentry","no-post-thumbnail","entry"],"aioseo_notices":[],"_links":{"self":[{"href":"https:\/\/www.rhevistarh.com.br\/portal\/wp-json\/wp\/v2\/pages\/6967","targetHints":{"allow":["GET"]}}],"collection":[{"href":"https:\/\/www.rhevistarh.com.br\/portal\/wp-json\/wp\/v2\/pages"}],"about":[{"href":"https:\/\/www.rhevistarh.com.br\/portal\/wp-json\/wp\/v2\/types\/page"}],"author":[{"embeddable":true,"href":"https:\/\/www.rhevistarh.com.br\/portal\/wp-json\/wp\/v2\/users\/8"}],"replies":[{"embeddable":true,"href":"https:\/\/www.rhevistarh.com.br\/portal\/wp-json\/wp\/v2\/comments?post=6967"}],"version-history":[{"count":7,"href":"https:\/\/www.rhevistarh.com.br\/portal\/wp-json\/wp\/v2\/pages\/6967\/revisions"}],"predecessor-version":[{"id":79647,"href":"https:\/\/www.rhevistarh.com.br\/portal\/wp-json\/wp\/v2\/pages\/6967\/revisions\/79647"}],"wp:attachment":[{"href":"https:\/\/www.rhevistarh.com.br\/portal\/wp-json\/wp\/v2\/media?parent=6967"}],"curies":[{"name":"wp","href":"https:\/\/api.w.org\/{rel}","templated":true}]}}