{"id":72,"date":"2008-12-27T19:08:28","date_gmt":"2008-12-27T22:08:28","guid":{"rendered":"http:\/\/www.esculhambanet.com\/revista\/?page_id=72"},"modified":"2024-01-21T20:36:28","modified_gmt":"2024-01-21T23:36:28","slug":"equipe","status":"publish","type":"page","link":"https:\/\/www.rhevistarh.com.br\/portal\/equipe\/","title":{"rendered":"Equipe Revista RH"},"content":{"rendered":"<p style=\"text-align: justify;\"><strong><img loading=\"lazy\" decoding=\"async\" class=\"alignleft wp-image-20012 size-thumbnail\" src=\"https:\/\/www.rhevistarh.com.br\/portal\/wp-content\/uploads\/2019\/07\/odairfantoni-150x150.png\" alt=\"\" width=\"150\" height=\"150\" \/>Diretor Geral\u00a0 \/ Jornalista Respons\u00e1vel \u2013 Odair Rocha Fantoni &#8211; MTB 0090824\/SP<\/strong><br \/>\nCEO da ABF Benef\u00edcios, Jornalista, Coach do sistema ISOR\u00ae, com certifica\u00e7\u00e3o internacional instituto Holos reconhecida pela ICF \u2013 International Coach Federation, Contribuidor do World Bank Global, Palestrante, Executivo de RH, Especialista P\u00f3s-graduado em Direito do Trabalho. Profissional atuante h\u00e1 mais de 35 anos em RH e Sistemas de Gest\u00e3o de RH nas seguintes empresas: Editora Abril, C\u00edrculo do Livro, IPL Inform\u00e1tica, S\u00eanior Sistemas, Construtora Rodrigues Lima, Elenco Inform\u00e1tica, Nydus Systems e Dimep. Palestrante sobre diversos temas, tais como: Danos Morais no Ambiente de Trabalho, Desonera\u00e7\u00e3o da Folha de Pagamento e eSocial. Diretor de Conte\u00fado da ABF Educa\u00e7\u00e3o. Autor do livro eSocial F\u00e1cil: Implanta\u00e7\u00e3o Consciente e, coautor do livro eSocial: Origem e Conceito \u2013 A Vis\u00e3o de Seus Construtores, ambos publicados pela Editora LTR. Ao longo de sua carreira profissional, com consultor de sistemas de RH assessorou centenas de empresas, entre elas: Itautec, Metal Leve, Construtora CBPO, Duratex Florestal, Grupo Estado de S\u00e3o Paulo, Grupo Folha, UOL, Grupo Plaza, Shopping Ibirapuera, Shopping Morumbi, Real Hospital Portugu\u00eas etc. Em rela\u00e7\u00e3o ao eSocial e PGR\/GRO, atrav\u00e9s de palestras, cursos, mentoring e consultoria <strong>j\u00e1 desenvolveu mais de 8 mil profissionais e 1300 empresas, incluindo diversas empresas desenvolvedoras de sistemas de folha de pagamento e de sa\u00fade e seguran\u00e7a do trabalho<\/strong>.<\/p>\n<hr \/>\n<figure id=\"attachment_2582\" aria-describedby=\"caption-attachment-2582\" style=\"width: 150px\" class=\"wp-caption alignleft\"><a href=\"http:\/\/www.rhevistarh.com.br\/portal\/wp-content\/uploads\/2008\/12\/diego.gif\"><img loading=\"lazy\" decoding=\"async\" class=\"wp-image-2582 size-full\" title=\"diego\" src=\"http:\/\/www.rhevistarh.com.br\/portal\/wp-content\/uploads\/2008\/12\/diego.gif\" alt=\"Diego Fantoni Cust\u00f3dio\" width=\"150\" height=\"150\" \/><\/a><figcaption id=\"caption-attachment-2582\" class=\"wp-caption-text\">Diego Fantoni Cust\u00f3dio<\/figcaption><\/figure>\n<p>&nbsp;<\/p>\n<p style=\"text-align: justify;\"><strong>Diretor de Conte\u00fado \u2013 Diego Fantoni Cust\u00f3dio<\/strong><br \/>\nAdministrador de Empresa formado pelo Mackenzie, \u00e9 respons\u00e1vel pelo conte\u00fado do portal RHevista RH.<\/p>\n<p>&nbsp;<\/p>\n<p>&nbsp;<\/p>\n<hr \/>\n<figure id=\"attachment_1035\" aria-describedby=\"caption-attachment-1035\" style=\"width: 150px\" class=\"wp-caption alignleft\"><a href=\"http:\/\/www.rhevistarh.com.br\/portal\/wp-content\/uploads\/2008\/12\/sabrina.jpg\"><img loading=\"lazy\" decoding=\"async\" class=\"size-full wp-image-1035\" title=\"sabrina\" src=\"http:\/\/www.rhevistarh.com.br\/portal\/wp-content\/uploads\/2008\/12\/sabrina.jpg\" alt=\"Sabrina Fantoni Cust\u00f3dio\" width=\"150\" height=\"150\" \/><\/a><figcaption id=\"caption-attachment-1035\" class=\"wp-caption-text\">Sabrina Fantoni Cust\u00f3dio<\/figcaption><\/figure>\n<p style=\"text-align: justify;\"><strong>Diretora de Reda\u00e7\u00e3o \u2013 Sabrina Fantoni Cust\u00f3dio<\/strong><br \/>\nFormada em Comunica\u00e7\u00e3o pelo Mackenzie, \u00e9 a respons\u00e1vel pelas iniciativas da RHevista RH em produ\u00e7\u00e3o de artigos do pr\u00f3prio portal.<\/p>\n<p>&nbsp;<\/p>\n<p>&nbsp;<\/p>\n<p>&nbsp;<\/p>\n<hr \/>\n<p>&nbsp;<\/p>\n","protected":false},"excerpt":{"rendered":"<p>Diretor Geral\u00a0 \/ Jornalista Respons\u00e1vel \u2013 Odair Rocha Fantoni &#8211; MTB 0090824\/SP CEO da ABF Benef\u00edcios, Jornalista, Coach do sistema ISOR\u00ae, com certifica\u00e7\u00e3o internacional instituto Holos reconhecida pela ICF \u2013 International Coach Federation, Contribuidor do World Bank Global, Palestrante, Executivo de RH, Especialista P\u00f3s-graduado em Direito do Trabalho. Profissional atuante h\u00e1 mais de 35 anos&hellip;<\/p>\n","protected":false},"author":8,"featured_media":0,"parent":0,"menu_order":0,"comment_status":"closed","ping_status":"closed","template":"","meta":{"footnotes":""},"class_list":["post-72","page","type-page","status-publish","hentry","no-post-thumbnail","entry"],"aioseo_notices":[],"_links":{"self":[{"href":"https:\/\/www.rhevistarh.com.br\/portal\/wp-json\/wp\/v2\/pages\/72","targetHints":{"allow":["GET"]}}],"collection":[{"href":"https:\/\/www.rhevistarh.com.br\/portal\/wp-json\/wp\/v2\/pages"}],"about":[{"href":"https:\/\/www.rhevistarh.com.br\/portal\/wp-json\/wp\/v2\/types\/page"}],"author":[{"embeddable":true,"href":"https:\/\/www.rhevistarh.com.br\/portal\/wp-json\/wp\/v2\/users\/8"}],"replies":[{"embeddable":true,"href":"https:\/\/www.rhevistarh.com.br\/portal\/wp-json\/wp\/v2\/comments?post=72"}],"version-history":[{"count":0,"href":"https:\/\/www.rhevistarh.com.br\/portal\/wp-json\/wp\/v2\/pages\/72\/revisions"}],"wp:attachment":[{"href":"https:\/\/www.rhevistarh.com.br\/portal\/wp-json\/wp\/v2\/media?parent=72"}],"curies":[{"name":"wp","href":"https:\/\/api.w.org\/{rel}","templated":true}]}}